{"id":1048,"date":"2024-06-04T13:39:10","date_gmt":"2024-06-04T13:39:10","guid":{"rendered":"https:\/\/marietheresesolea.com\/?page_id=1048"},"modified":"2026-02-02T16:16:22","modified_gmt":"2026-02-02T16:16:22","slug":"groove","status":"publish","type":"page","link":"https:\/\/marietherese-thier.com\/?page_id=1048","title":{"rendered":"Tanz"},"content":{"rendered":"\n<p class=\"has-text-align-center\">Groove, das ich hier unterrichte, sorgt f\u00fcr richtig gute Laune, hilft dabei Stress abzubauen und voller Freude durchs Leben zu gehen. Zu mitrei\u00dfender Musik lernst Du einfache, aber kraftvolle Tanzschritte, die Deinen ganzen K\u00f6rper aktivieren und Deine Koordination verbessern.<br>Das Beste ist: Du kannst Nichts falsch machen \u2013 einfach bequem anziehen und Spa\u00df haben!<br><br>Begrenzte Teilnehmerzahl. Bitte mitbringen: bequeme Kleidung + Sport\/Yoga-Matte<\/p>\n\n\n\n<div style=\"height:59px\" aria-hidden=\"true\" class=\"wp-block-spacer\"><\/div>\n\n\n\n<div class=\"wp-block-columns is-layout-flex wp-container-core-columns-is-layout-28f84493 wp-block-columns-is-layout-flex\">\n<div class=\"wp-block-column is-layout-flow wp-block-column-is-layout-flow\">\n<h2 class=\"wp-block-heading\">Melk<\/h2>\n\n\n\n<p><br><strong>M\u00e4rz &#8211; Juni<\/strong> <strong>26<\/strong><br>Montags, 18:00-19:00h<br><br>9. \/ 16. \/ 23. M\u00e4rz<br>13. \/ 20. \/ 27. April<br>4. \/ 11. \/ 18. Mai<br>15. \/ 22. Juni<br><br>Rot-Kreuz-Saal<br>Spielbergerstr. 15, 3390 Melk<br>1. Obergeschoss<br><br>11ER-BLOCK \/ 176\u20ac<br>9er-Block \/ 162\u20ac<br>Drop-in \/ 20\u20ac<br><a href=\"https:\/\/mank.vhs-noe.at\/Kurse\/Details\/?course=195938&amp;back=%2Findex.php%3Fsubsection%3DVortragende%26amp%3Bnr%3D10415044%23course-195938\"><br><\/a><br>Anmeldung: <a href=\"mailto:contact@marietherese-thier.com\">contact@marietherese-thier.com<\/a><br>Anmeldung bis 1 Woche vor dem jeweiligen Termin.<\/p>\n<\/div>\n\n\n\n<div class=\"wp-block-column is-layout-flow wp-block-column-is-layout-flow\">\n<h2 class=\"wp-block-heading\"><strong>Mank<\/strong><\/h2>\n\n\n\n<p><br><strong>M\u00e4rz &#8211; Juni<\/strong> <strong>26<\/strong><br>Donnerstags, 17:15-18:15h<br><br>12. \/ 19. \/ 26. M\u00e4rz<br>9. \/ 16. \/ 23. \/ 30. April<br>7. \/ 21. \/ 28. Mai<br>11. \/ 18. \/ 25. Juni<\/p>\n\n\n\n<p>Kindergarten Mank<br><a href=\"https:\/\/mank.vhs-noe.at\/Kurse\/Details\/?course=195938&amp;back=%2Findex.php%3Fsubsection%3DVortragende%26amp%3Bnr%3D10415044%23course-195938\">Anmeldung<\/a><\/p>\n\n\n\n<p><\/p>\n<\/div>\n<\/div>\n\n\n\n<p><\/p>\n\n\n\n<div style=\"height:34px\" aria-hidden=\"true\" class=\"wp-block-spacer\"><\/div>\n\n\n\n<p class=\"has-text-align-center\">Ich freue mich sehr, wenn wir gemeinsam grooven! \ud83d\ude42<\/p>\n\n\n\n<div style=\"height:49px\" aria-hidden=\"true\" class=\"wp-block-spacer\"><\/div>\n\n\n\n<figure class=\"wp-block-image alignfull size-full\"><img loading=\"lazy\" decoding=\"async\" width=\"828\" height=\"315\" src=\"https:\/\/marietheresesolea.com\/wp-content\/uploads\/2024\/06\/German-FB-Cover-Provider-3.png\" alt=\"\" class=\"wp-image-1050\" srcset=\"https:\/\/marietherese-thier.com\/wp-content\/uploads\/2024\/06\/German-FB-Cover-Provider-3.png 828w, https:\/\/marietherese-thier.com\/wp-content\/uploads\/2024\/06\/German-FB-Cover-Provider-3-300x114.png 300w\" sizes=\"auto, (max-width: 828px) 100vw, 828px\" \/><\/figure>\n\n\n\n<div style=\"height:100px\" aria-hidden=\"true\" class=\"wp-block-spacer\"><\/div>\n","protected":false},"excerpt":{"rendered":"<p>Groove, das ich hier unterrichte, sorgt f\u00fcr richtig gute Laune, hilft dabei Stress abzubauen und voller Freude durchs Leben zu gehen. Zu mitrei\u00dfender Musik lernst Du einfache, aber kraftvolle Tanzschritte, die Deinen ganzen K\u00f6rper aktivieren und Deine Koordination verbessern.Das Beste ist: Du kannst Nichts falsch machen \u2013 einfach bequem anziehen und Spa\u00df haben! Begrenzte Teilnehmerzahl. &hellip; <\/p>\n<p class=\"link-more\"><a href=\"https:\/\/marietherese-thier.com\/?page_id=1048\" class=\"more-link\">Mehr <span class=\"screen-reader-text\">\u00fcber &#8222;Tanz&#8220; <\/span>Lesen<\/a><\/p>\n","protected":false},"author":1,"featured_media":959,"parent":0,"menu_order":0,"comment_status":"closed","ping_status":"closed","template":"","meta":{"inspiro_hide_title":false,"footnotes":""},"class_list":["post-1048","page","type-page","status-publish","has-post-thumbnail","hentry"],"_links":{"self":[{"href":"https:\/\/marietherese-thier.com\/index.php?rest_route=\/wp\/v2\/pages\/1048","targetHints":{"allow":["GET"]}}],"collection":[{"href":"https:\/\/marietherese-thier.com\/index.php?rest_route=\/wp\/v2\/pages"}],"about":[{"href":"https:\/\/marietherese-thier.com\/index.php?rest_route=\/wp\/v2\/types\/page"}],"author":[{"embeddable":true,"href":"https:\/\/marietherese-thier.com\/index.php?rest_route=\/wp\/v2\/users\/1"}],"replies":[{"embeddable":true,"href":"https:\/\/marietherese-thier.com\/index.php?rest_route=%2Fwp%2Fv2%2Fcomments&post=1048"}],"version-history":[{"count":18,"href":"https:\/\/marietherese-thier.com\/index.php?rest_route=\/wp\/v2\/pages\/1048\/revisions"}],"predecessor-version":[{"id":1659,"href":"https:\/\/marietherese-thier.com\/index.php?rest_route=\/wp\/v2\/pages\/1048\/revisions\/1659"}],"wp:featuredmedia":[{"embeddable":true,"href":"https:\/\/marietherese-thier.com\/index.php?rest_route=\/wp\/v2\/media\/959"}],"wp:attachment":[{"href":"https:\/\/marietherese-thier.com\/index.php?rest_route=%2Fwp%2Fv2%2Fmedia&parent=1048"}],"curies":[{"name":"wp","href":"https:\/\/api.w.org\/{rel}","templated":true}]}}