{"id":1087,"date":"2024-06-28T15:28:49","date_gmt":"2024-06-28T15:28:49","guid":{"rendered":"https:\/\/marietherese-thier.com\/?page_id=1087"},"modified":"2026-04-05T23:29:53","modified_gmt":"2026-04-05T23:29:53","slug":"11-begleitung","status":"publish","type":"page","link":"https:\/\/marietherese-thier.com\/?page_id=1087","title":{"rendered":"Du &amp; Ich individuell"},"content":{"rendered":"\n<div class=\"wp-block-columns is-layout-flex wp-container-core-columns-is-layout-28f84493 wp-block-columns-is-layout-flex\">\n<div class=\"wp-block-column is-layout-flow wp-block-column-is-layout-flow\">\n<h2 class=\"wp-block-heading\">1:1 Yoga<\/h2>\n\n\n\n<p><strong><em>Yoga nach Deinen W\u00fcnschen<\/em><\/strong><\/p>\n\n\n\n<p>Egal, ob Du an Deiner inneren St\u00e4rke, einem K\u00f6rperteil, Deiner inneren Verbindung oder einfach an Deiner Flexibilit\u00e4t arbeiten m\u00f6chtest &#8211; diese Yoga-Einheit passe ich ganz nach Deinen W\u00fcnschen und Bed\u00fcrfnissen an.<\/p>\n\n\n\n<p>90\u20ac \/ 75 min<\/p>\n\n\n\n<p>Terminvereinbarung: <a href=\"mailto:contact@marietherese-thier.com\">contact@marietherese-thier.com<\/a><\/p>\n<\/div>\n\n\n\n<div class=\"wp-block-column is-layout-flow wp-block-column-is-layout-flow\">\n<h2 class=\"wp-block-heading\">1:1 Embodiment<\/h2>\n\n\n\n<p><strong><em>Your Body Always Knows<\/em><\/strong><\/p>\n\n\n\n<p>Im Embodiment erarbeiten wir durch K\u00f6rper- und Stimmpraxis, so wie Nervensystemregulation eine neue Perspektive zu Deinem individuellen Thema &#8211; egal, ob es k\u00f6rperlicher oder geistiger Natur ist.<\/p>\n\n\n\n<p>90\u20ac \/ 75 min<\/p>\n\n\n\n<p>Terminvereinbarung: <a href=\"mailto:contact@marietherese-thier.com\">contact@marietherese-thier.com<\/a><\/p>\n<\/div>\n<\/div>\n\n\n\n<h2 class=\"wp-block-heading alignfull has-text-align-center has-white-color has-text-color has-background has-link-color wp-elements-6011f3704ba08ce285257279fa1b2b0e\" style=\"background:linear-gradient(135deg,rgb(155,189,209) 0%,rgb(32,32,112) 100%)\">Buche Dir <a href=\"https:\/\/calendly.com\/contact-yide\/get-to-know-me-you\">hier<\/a> Dein kostenfreies, unverbindliches Kennenlerngespr\u00e4ch.<\/h2>\n\n\n\n<div style=\"height:43px\" aria-hidden=\"true\" class=\"wp-block-spacer\"><\/div>\n\n\n\n<figure class=\"wp-block-image alignfull size-large\"><img loading=\"lazy\" decoding=\"async\" width=\"1024\" height=\"681\" src=\"https:\/\/marietherese-thier.com\/wp-content\/uploads\/2023\/02\/0A1ECAE5-509A-44CA-B9B9-C04A924ED3D5_1_105_c-1024x681.jpeg\" alt=\"\" class=\"wp-image-256\" srcset=\"https:\/\/marietherese-thier.com\/wp-content\/uploads\/2023\/02\/0A1ECAE5-509A-44CA-B9B9-C04A924ED3D5_1_105_c-1024x681.jpeg 1024w, https:\/\/marietherese-thier.com\/wp-content\/uploads\/2023\/02\/0A1ECAE5-509A-44CA-B9B9-C04A924ED3D5_1_105_c-300x200.jpeg 300w, https:\/\/marietherese-thier.com\/wp-content\/uploads\/2023\/02\/0A1ECAE5-509A-44CA-B9B9-C04A924ED3D5_1_105_c-768x511.jpeg 768w, https:\/\/marietherese-thier.com\/wp-content\/uploads\/2023\/02\/0A1ECAE5-509A-44CA-B9B9-C04A924ED3D5_1_105_c-600x399.jpeg 600w, https:\/\/marietherese-thier.com\/wp-content\/uploads\/2023\/02\/0A1ECAE5-509A-44CA-B9B9-C04A924ED3D5_1_105_c.jpeg 1087w\" sizes=\"auto, (max-width: 1024px) 100vw, 1024px\" \/><\/figure>\n\n\n\n<div style=\"height:73px\" aria-hidden=\"true\" class=\"wp-block-spacer\"><\/div>\n\n\n\n<p>In diesen Stunden ziehe ich Lernerfahrung und Wissen aus meinen diversen Ausbildungen, wie Embodiment Awareness, 250h Vinyasa, Hatha und Yin Yoga, Groove, Cacao.Wisdom, BreathWork etc. und gebe all dies gewissenhaft und bestm\u00f6glich weiter. Bitte beachte, dass diese Einheiten bei Bedarf keinen Besuch bei einer\/einem \u00c4rztin\/Arzt oder Psychotherapeutin\/Psychotherapeuten ersetzen.<\/p>\n\n\n\n<p>Bei Interesse, melde Dich direkt <a href=\"mailto: contact@marietherese-thier.com\">hier<\/a> bei mir. Ich freue mich sehr, wenn wir uns in einem 1:1-Setting sehen \ud83d\ude42<\/p>\n\n\n\n<div style=\"height:100px\" aria-hidden=\"true\" class=\"wp-block-spacer\"><\/div>\n","protected":false},"excerpt":{"rendered":"<p>1:1 Yoga Yoga nach Deinen W\u00fcnschen Egal, ob Du an Deiner inneren St\u00e4rke, einem K\u00f6rperteil, Deiner inneren Verbindung oder einfach an Deiner Flexibilit\u00e4t arbeiten m\u00f6chtest &#8211; diese Yoga-Einheit passe ich ganz nach Deinen W\u00fcnschen und Bed\u00fcrfnissen an. 90\u20ac \/ 75 min Terminvereinbarung: contact@marietherese-thier.com 1:1 Embodiment Your Body Always Knows Im Embodiment erarbeiten wir durch K\u00f6rper- &hellip; <\/p>\n<p class=\"link-more\"><a href=\"https:\/\/marietherese-thier.com\/?page_id=1087\" class=\"more-link\">Mehr <span class=\"screen-reader-text\">\u00fcber &#8222;Du &amp; Ich individuell&#8220; <\/span>Lesen<\/a><\/p>\n","protected":false},"author":1,"featured_media":837,"parent":0,"menu_order":0,"comment_status":"closed","ping_status":"closed","template":"","meta":{"inspiro_hide_title":false,"footnotes":""},"class_list":["post-1087","page","type-page","status-publish","has-post-thumbnail","hentry"],"_links":{"self":[{"href":"https:\/\/marietherese-thier.com\/index.php?rest_route=\/wp\/v2\/pages\/1087","targetHints":{"allow":["GET"]}}],"collection":[{"href":"https:\/\/marietherese-thier.com\/index.php?rest_route=\/wp\/v2\/pages"}],"about":[{"href":"https:\/\/marietherese-thier.com\/index.php?rest_route=\/wp\/v2\/types\/page"}],"author":[{"embeddable":true,"href":"https:\/\/marietherese-thier.com\/index.php?rest_route=\/wp\/v2\/users\/1"}],"replies":[{"embeddable":true,"href":"https:\/\/marietherese-thier.com\/index.php?rest_route=%2Fwp%2Fv2%2Fcomments&post=1087"}],"version-history":[{"count":11,"href":"https:\/\/marietherese-thier.com\/index.php?rest_route=\/wp\/v2\/pages\/1087\/revisions"}],"predecessor-version":[{"id":1705,"href":"https:\/\/marietherese-thier.com\/index.php?rest_route=\/wp\/v2\/pages\/1087\/revisions\/1705"}],"wp:featuredmedia":[{"embeddable":true,"href":"https:\/\/marietherese-thier.com\/index.php?rest_route=\/wp\/v2\/media\/837"}],"wp:attachment":[{"href":"https:\/\/marietherese-thier.com\/index.php?rest_route=%2Fwp%2Fv2%2Fmedia&parent=1087"}],"curies":[{"name":"wp","href":"https:\/\/api.w.org\/{rel}","templated":true}]}}