{"id":18,"date":"2022-12-13T23:06:17","date_gmt":"2022-12-13T23:06:17","guid":{"rendered":"https:\/\/marietheresesolea.com\/?page_id=18"},"modified":"2024-03-07T18:33:41","modified_gmt":"2024-03-07T18:33:41","slug":"das-bin-ich","status":"publish","type":"page","link":"https:\/\/marietherese-thier.com\/?page_id=18","title":{"rendered":"\u00dcber mich"},"content":{"rendered":"\n<p class=\"has-text-align-center\">Hey, sch\u00f6n, dass Du hier bist!<\/p>\n\n\n\n<p class=\"has-text-align-center\">Ich bin Marie-Therese.<\/p>\n\n\n\n<p class=\"has-text-align-center\">Ich bin Trainerin f\u00fcr Embodiment und K\u00fcnstlerin.<\/p>\n\n\n\n<p class=\"has-text-align-center\">Geboren in Nieder\u00f6sterreich und jetzt auch wieder hier wohnend, habe ich eine lange Reise hinter mir. Sie hat mich \u00fcber ein Auslandsjahr in Spanien, ein Kunstgeschichte- und Spanischstudium, ein Schmuck-Kolleg, eine Yin Yoga-Ausbildung, ganz viele Kurse zur Selbsterfahrung und eine Embodiment-Ausbildung immer wieder zu einem zur\u00fcck gebracht haben: meinen K\u00f6rper.<br><br>Mein K\u00f6rper ist mittlerweile der Ausgangspunkt f\u00fcr alles. Er ist das Mittel, wie wir die Welt erleben und erfahren und er ist das einzige, was im Moment, im Hier und Jetzt sein kann, w\u00e4hrend unser Geist weit in die Zukunft und in die Vergangenheit reisen kann.<\/p>\n\n\n\n<p class=\"has-text-align-center\">Schon als Kind habe ich viel Zeit in der Natur mit Laufen, Ballspielen, Reiten und Geschichten spielen verbracht, in meiner Jugend hat mich viel Sport begleitet und noch heute liebe ich es mich zu bewegen. Neben Volleyball hat sich das allerdings sehr ver\u00e4ndert: mittlerweile gebe ich meinem K\u00f6rper auf ganz andere Art und Weise Raum \u2013 n\u00e4mlich durch intuitives Bewegen und Embodiment.<\/p>\n\n\n\n<p class=\"has-text-align-center\">Auch die Kunst begleitet mich schon seit meiner Kindheit auf unterschiedlichste Weise, weshalb mein Wirkfeld darin sehr breit gef\u00e4chert ist. Von Keramik, \u00fcber Aquarell, Acryl, Mondblutmalerei, Makramee bis hin zu Schmuckherstellung l\u00e4sst sich alles auf meiner Palette finden und ich probiere mich stets an Neuem aus. An der Kunst liebe ich es, dass sie mich genauso wie mein K\u00f6rper immer wieder in den Moment zur\u00fcck bringt.<\/p>\n\n\n\n<p class=\"has-text-align-center\">Und ein paar Fun Facts zum Schluss: ich lieeeebe Schokolade, ich bin begeisterte Volleyballspielerin, ich verschiebe meine M\u00f6bel fast monatlich, ich habe quasi immer mindestens eine Kerze brennen und mich beruhigt Wasser aller Art unendlich. How &#8218;bout you? Ich freue mich, Dich kennen zu lernen! Schreib mir doch gerne mal auf <a href=\"https:\/\/www.instagram.com\/marietherese.thier\/\">Instagram<\/a>! \ud83d\ude09<\/p>\n\n\n\n<div style=\"height:18px\" aria-hidden=\"true\" class=\"wp-block-spacer\"><\/div>\n\n\n\n<p class=\"has-text-align-center\">~ Let&#8217;s just be ~<\/p>\n\n\n\n<p class=\"has-text-align-center\"><br><strong>\u2661<\/strong><\/p>\n\n\n\n<div style=\"height:35px\" aria-hidden=\"true\" class=\"wp-block-spacer\"><\/div>\n\n\n\n<figure class=\"wp-block-image size-large is-style-rounded\"><img loading=\"lazy\" decoding=\"async\" width=\"1024\" height=\"681\" src=\"https:\/\/marietheresesolea.com\/wp-content\/uploads\/2023\/01\/930A312A-5CBB-4B00-9951-3CDB51728AFF_1_105_c-1-1024x681.jpeg\" alt=\"\" class=\"wp-image-137\"\/><\/figure>\n\n\n\n<div style=\"height:100px\" aria-hidden=\"true\" class=\"wp-block-spacer\"><\/div>\n","protected":false},"excerpt":{"rendered":"<p>Hey, sch\u00f6n, dass Du hier bist! Ich bin Marie-Therese. Ich bin Trainerin f\u00fcr Embodiment und K\u00fcnstlerin. Geboren in Nieder\u00f6sterreich und jetzt auch wieder hier wohnend, habe ich eine lange Reise hinter mir. Sie hat mich \u00fcber ein Auslandsjahr in Spanien, ein Kunstgeschichte- und Spanischstudium, ein Schmuck-Kolleg, eine Yin Yoga-Ausbildung, ganz viele Kurse zur Selbsterfahrung und &hellip; <\/p>\n<p class=\"link-more\"><a href=\"https:\/\/marietherese-thier.com\/?page_id=18\" class=\"more-link\">Mehr <span class=\"screen-reader-text\">\u00fcber &#8222;\u00dcber mich&#8220; <\/span>Lesen<\/a><\/p>\n","protected":false},"author":1,"featured_media":0,"parent":0,"menu_order":0,"comment_status":"closed","ping_status":"closed","template":"","meta":{"inspiro_hide_title":false,"footnotes":""},"class_list":["post-18","page","type-page","status-publish","hentry"],"_links":{"self":[{"href":"https:\/\/marietherese-thier.com\/index.php?rest_route=\/wp\/v2\/pages\/18","targetHints":{"allow":["GET"]}}],"collection":[{"href":"https:\/\/marietherese-thier.com\/index.php?rest_route=\/wp\/v2\/pages"}],"about":[{"href":"https:\/\/marietherese-thier.com\/index.php?rest_route=\/wp\/v2\/types\/page"}],"author":[{"embeddable":true,"href":"https:\/\/marietherese-thier.com\/index.php?rest_route=\/wp\/v2\/users\/1"}],"replies":[{"embeddable":true,"href":"https:\/\/marietherese-thier.com\/index.php?rest_route=%2Fwp%2Fv2%2Fcomments&post=18"}],"version-history":[{"count":19,"href":"https:\/\/marietherese-thier.com\/index.php?rest_route=\/wp\/v2\/pages\/18\/revisions"}],"predecessor-version":[{"id":875,"href":"https:\/\/marietherese-thier.com\/index.php?rest_route=\/wp\/v2\/pages\/18\/revisions\/875"}],"wp:attachment":[{"href":"https:\/\/marietherese-thier.com\/index.php?rest_route=%2Fwp%2Fv2%2Fmedia&parent=18"}],"curies":[{"name":"wp","href":"https:\/\/api.w.org\/{rel}","templated":true}]}}