{"id":22,"date":"2022-12-13T23:07:53","date_gmt":"2022-12-13T23:07:53","guid":{"rendered":"https:\/\/marietheresesolea.com\/?page_id=22"},"modified":"2026-02-02T16:54:30","modified_gmt":"2026-02-02T16:54:30","slug":"welcome-home","status":"publish","type":"page","link":"https:\/\/marietherese-thier.com\/","title":{"rendered":"Willkommen Zuhause in Dir!"},"content":{"rendered":"\n<p class=\"has-text-align-center\">Sch\u00f6n, dass Du hier bist! \ud83d\ude09 Ich bin Marie-Therese \u2013 Trainerin f\u00fcr Embodiment, K\u00fcnstlerin und so vieles, das sich nicht in Worte fassen l\u00e4sst. Ich begleite Menschen in Gruppen- und 1:1-Settings dabei ihr Leben nicht nur vom Kopf aus zu leben, sondern vom ganzen K\u00f6rper. Schaue Dich von Herzen gerne auf meiner Seite um, um einen Eindruck meiner Wirkungsfelder zu bekommen \u2013 ich arbeite online sowie im Raum Mostviertel (Nieder\u00f6sterreich). Vielleicht hast Du ja auch Lust mit mir \u00fcber Embodiment, Yoga, Kunst oder einfach ein Gespr\u00e4ch in Kontakt zu treten. Ich freue mich darauf, Dich kennen zu lernen! \ud83d\ude42<\/p>\n\n\n\n<div style=\"height:22px\" aria-hidden=\"true\" class=\"wp-block-spacer\"><\/div>\n\n\n\n<h3 class=\"wp-block-heading has-text-align-center\">Fr\u00fchjahrsprogramm 2026<\/h3>\n\n\n\n<div style=\"height:41px\" aria-hidden=\"true\" class=\"wp-block-spacer\"><\/div>\n\n\n\n<figure class=\"wp-block-gallery aligncenter has-nested-images columns-default is-cropped wp-block-gallery-1 is-layout-flex wp-block-gallery-is-layout-flex\" style=\"border-style:none;border-width:0px;border-radius:0px\">\n<figure class=\"wp-block-image size-large is-style-rounded\"><a href=\"https:\/\/marietherese-thier.com\/?page_id=644\"><img loading=\"lazy\" decoding=\"async\" width=\"576\" height=\"1024\" data-id=\"1514\" src=\"https:\/\/marietherese-thier.com\/wp-content\/uploads\/2025\/03\/20250303_155220-576x1024.jpg\" alt=\"\" class=\"wp-image-1514\" srcset=\"https:\/\/marietherese-thier.com\/wp-content\/uploads\/2025\/03\/20250303_155220-576x1024.jpg 576w, https:\/\/marietherese-thier.com\/wp-content\/uploads\/2025\/03\/20250303_155220-169x300.jpg 169w, https:\/\/marietherese-thier.com\/wp-content\/uploads\/2025\/03\/20250303_155220-2000x3556.jpg 2000w, https:\/\/marietherese-thier.com\/wp-content\/uploads\/2025\/03\/20250303_155220-scaled.jpg 1440w\" sizes=\"auto, (max-width: 576px) 100vw, 576px\" \/><\/a><figcaption class=\"wp-element-caption\"><a href=\"https:\/\/marietherese-thier.com\/?page_id=644\">Yoga<\/a><\/figcaption><\/figure>\n\n\n\n<figure class=\"wp-block-image size-large is-style-rounded\"><a href=\"https:\/\/marietherese-thier.com\/?page_id=1048\"><img loading=\"lazy\" decoding=\"async\" width=\"1024\" height=\"681\" data-id=\"957\" src=\"https:\/\/marietherese-thier.com\/wp-content\/uploads\/2024\/04\/DSC_0092-1024x681.jpeg\" alt=\"\" class=\"wp-image-957\" srcset=\"https:\/\/marietherese-thier.com\/wp-content\/uploads\/2024\/04\/DSC_0092-1024x681.jpeg 1024w, https:\/\/marietherese-thier.com\/wp-content\/uploads\/2024\/04\/DSC_0092-300x200.jpeg 300w, https:\/\/marietherese-thier.com\/wp-content\/uploads\/2024\/04\/DSC_0092-2000x1330.jpeg 2000w\" sizes=\"auto, (max-width: 1024px) 100vw, 1024px\" \/><\/a><figcaption class=\"wp-element-caption\"><a href=\"https:\/\/marietherese-thier.com\/?page_id=1048\">Tanz<\/a><\/figcaption><\/figure>\n\n\n\n<figure class=\"wp-block-image size-large is-style-rounded\"><a href=\"https:\/\/marietherese-thier.com\/?page_id=1087\"><img loading=\"lazy\" decoding=\"async\" width=\"768\" height=\"1024\" data-id=\"731\" src=\"https:\/\/marietherese-thier.com\/wp-content\/uploads\/2024\/01\/Unknown-6.jpeg\" alt=\"\" class=\"wp-image-731\" srcset=\"https:\/\/marietherese-thier.com\/wp-content\/uploads\/2024\/01\/Unknown-6.jpeg 768w, https:\/\/marietherese-thier.com\/wp-content\/uploads\/2024\/01\/Unknown-6-225x300.jpeg 225w\" sizes=\"auto, (max-width: 768px) 100vw, 768px\" \/><\/a><figcaption class=\"wp-element-caption\"><a href=\"https:\/\/marietherese-thier.com\/?page_id=1087\">Du &amp; Ich individuel<\/a>l<\/figcaption><\/figure>\n\n\n\n<figure class=\"wp-block-image size-large is-style-rounded\"><a href=\"https:\/\/marietherese-thier.com\/?page_id=1604\"><img loading=\"lazy\" decoding=\"async\" width=\"1024\" height=\"681\" data-id=\"28\" src=\"https:\/\/marietherese-thier.com\/wp-content\/uploads\/2022\/12\/D7EF89A3-B319-4C3E-A065-CF9ED568D187_1_105_c-1024x681.jpeg\" alt=\"\" class=\"wp-image-28\" srcset=\"https:\/\/marietherese-thier.com\/wp-content\/uploads\/2022\/12\/D7EF89A3-B319-4C3E-A065-CF9ED568D187_1_105_c-1024x681.jpeg 1024w, https:\/\/marietherese-thier.com\/wp-content\/uploads\/2022\/12\/D7EF89A3-B319-4C3E-A065-CF9ED568D187_1_105_c-300x200.jpeg 300w, https:\/\/marietherese-thier.com\/wp-content\/uploads\/2022\/12\/D7EF89A3-B319-4C3E-A065-CF9ED568D187_1_105_c-768x511.jpeg 768w, https:\/\/marietherese-thier.com\/wp-content\/uploads\/2022\/12\/D7EF89A3-B319-4C3E-A065-CF9ED568D187_1_105_c-600x399.jpeg 600w, https:\/\/marietherese-thier.com\/wp-content\/uploads\/2022\/12\/D7EF89A3-B319-4C3E-A065-CF9ED568D187_1_105_c.jpeg 1087w\" sizes=\"auto, (max-width: 1024px) 100vw, 1024px\" \/><\/a><figcaption class=\"wp-element-caption\"><a href=\"https:\/\/marietherese-thier.com\/?page_id=1604\">K\u00f6rper.Spiel<\/a><\/figcaption><\/figure>\n\n\n\n<figure class=\"wp-block-image size-large is-style-rounded\"><a href=\"https:\/\/marietherese-thier.com\/?page_id=1568\"><img loading=\"lazy\" decoding=\"async\" width=\"681\" height=\"1024\" data-id=\"113\" src=\"https:\/\/marietherese-thier.com\/wp-content\/uploads\/2023\/01\/1E20F482-82F3-46E1-B73E-AC2072DAAA76_1_105_c-681x1024.jpeg\" alt=\"\" class=\"wp-image-113\" srcset=\"https:\/\/marietherese-thier.com\/wp-content\/uploads\/2023\/01\/1E20F482-82F3-46E1-B73E-AC2072DAAA76_1_105_c-681x1024.jpeg 681w, https:\/\/marietherese-thier.com\/wp-content\/uploads\/2023\/01\/1E20F482-82F3-46E1-B73E-AC2072DAAA76_1_105_c-200x300.jpeg 200w, https:\/\/marietherese-thier.com\/wp-content\/uploads\/2023\/01\/1E20F482-82F3-46E1-B73E-AC2072DAAA76_1_105_c-600x902.jpeg 600w, https:\/\/marietherese-thier.com\/wp-content\/uploads\/2023\/01\/1E20F482-82F3-46E1-B73E-AC2072DAAA76_1_105_c.jpeg 723w\" sizes=\"auto, (max-width: 681px) 100vw, 681px\" \/><\/a><figcaption class=\"wp-element-caption\"><a href=\"https:\/\/marietherese-thier.com\/?page_id=1568\">Kostenfreier Podcast<\/a><\/figcaption><\/figure>\n\n\n\n<figure class=\"wp-block-image size-large is-style-rounded\"><a href=\"https:\/\/marietherese-thier.com\/?page_id=1123\"><img loading=\"lazy\" decoding=\"async\" width=\"1024\" height=\"681\" data-id=\"197\" src=\"https:\/\/marietherese-thier.com\/wp-content\/uploads\/2023\/01\/DFFAAED9-DBA5-4B66-9558-B91B50D3C6F5_1_105_c-1024x681.jpeg\" alt=\"\" class=\"wp-image-197\" srcset=\"https:\/\/marietherese-thier.com\/wp-content\/uploads\/2023\/01\/DFFAAED9-DBA5-4B66-9558-B91B50D3C6F5_1_105_c-1024x681.jpeg 1024w, https:\/\/marietherese-thier.com\/wp-content\/uploads\/2023\/01\/DFFAAED9-DBA5-4B66-9558-B91B50D3C6F5_1_105_c-300x200.jpeg 300w, https:\/\/marietherese-thier.com\/wp-content\/uploads\/2023\/01\/DFFAAED9-DBA5-4B66-9558-B91B50D3C6F5_1_105_c-768x511.jpeg 768w, https:\/\/marietherese-thier.com\/wp-content\/uploads\/2023\/01\/DFFAAED9-DBA5-4B66-9558-B91B50D3C6F5_1_105_c-600x399.jpeg 600w, https:\/\/marietherese-thier.com\/wp-content\/uploads\/2023\/01\/DFFAAED9-DBA5-4B66-9558-B91B50D3C6F5_1_105_c.jpeg 1087w\" sizes=\"auto, (max-width: 1024px) 100vw, 1024px\" \/><\/a><figcaption class=\"wp-element-caption\"><a href=\"https:\/\/marietherese-thier.com\/?page_id=1123\">Embodiment-Workshop<\/a><\/figcaption><\/figure>\n<\/figure>\n\n\n\n<div style=\"height:100px\" aria-hidden=\"true\" class=\"wp-block-spacer\"><\/div>\n\n\n\n<p><\/p>\n","protected":false},"excerpt":{"rendered":"<p>Sch\u00f6n, dass Du hier bist! \ud83d\ude09 Ich bin Marie-Therese \u2013 Trainerin f\u00fcr Embodiment, K\u00fcnstlerin und so vieles, das sich nicht in Worte fassen l\u00e4sst. Ich begleite Menschen in Gruppen- und 1:1-Settings dabei ihr Leben nicht nur vom Kopf aus zu leben, sondern vom ganzen K\u00f6rper. Schaue Dich von Herzen gerne auf meiner Seite um, um &hellip; <\/p>\n<p class=\"link-more\"><a href=\"https:\/\/marietherese-thier.com\/\" class=\"more-link\">Mehr <span class=\"screen-reader-text\">\u00fcber &#8222;Willkommen Zuhause in Dir!&#8220; <\/span>Lesen<\/a><\/p>\n","protected":false},"author":1,"featured_media":0,"parent":0,"menu_order":0,"comment_status":"closed","ping_status":"closed","template":"","meta":{"inspiro_hide_title":false,"footnotes":""},"class_list":["post-22","page","type-page","status-publish","hentry"],"_links":{"self":[{"href":"https:\/\/marietherese-thier.com\/index.php?rest_route=\/wp\/v2\/pages\/22","targetHints":{"allow":["GET"]}}],"collection":[{"href":"https:\/\/marietherese-thier.com\/index.php?rest_route=\/wp\/v2\/pages"}],"about":[{"href":"https:\/\/marietherese-thier.com\/index.php?rest_route=\/wp\/v2\/types\/page"}],"author":[{"embeddable":true,"href":"https:\/\/marietherese-thier.com\/index.php?rest_route=\/wp\/v2\/users\/1"}],"replies":[{"embeddable":true,"href":"https:\/\/marietherese-thier.com\/index.php?rest_route=%2Fwp%2Fv2%2Fcomments&post=22"}],"version-history":[{"count":27,"href":"https:\/\/marietherese-thier.com\/index.php?rest_route=\/wp\/v2\/pages\/22\/revisions"}],"predecessor-version":[{"id":1684,"href":"https:\/\/marietherese-thier.com\/index.php?rest_route=\/wp\/v2\/pages\/22\/revisions\/1684"}],"wp:attachment":[{"href":"https:\/\/marietherese-thier.com\/index.php?rest_route=%2Fwp%2Fv2%2Fmedia&parent=22"}],"curies":[{"name":"wp","href":"https:\/\/api.w.org\/{rel}","templated":true}]}}