{"id":290,"date":"2023-04-11T19:41:15","date_gmt":"2023-04-11T19:41:15","guid":{"rendered":"https:\/\/marietheresesolea.com\/?page_id=290"},"modified":"2026-03-26T14:25:46","modified_gmt":"2026-03-26T14:25:46","slug":"kakao","status":"publish","type":"page","link":"https:\/\/marietherese-thier.com\/?page_id=290","title":{"rendered":"Embodiment"},"content":{"rendered":"\n<h3 class=\"wp-block-heading has-text-align-center\"><strong><em>Embodiment ist ein Ber\u00fchrungspunkt.<\/em><\/strong><\/h3>\n\n\n\n<div style=\"height:33px\" aria-hidden=\"true\" class=\"wp-block-spacer\"><\/div>\n\n\n\n<p class=\"has-text-align-center\">Da wo Deine innere Welt die \u00e4u\u00dfere Welt ber\u00fchrt, passiert Embodiment.<\/p>\n\n\n\n<p class=\"has-text-align-center\">Was das hei\u00dft?<\/p>\n\n\n\n<p class=\"has-text-align-center\">Deine innere Welt sind Deine ganz eigenen Eindr\u00fccke, Gef\u00fchle, Ideen, K\u00f6rperempfindungen und Gedanken.<br>Die \u00e4u\u00dfere Welt sind Ideen, Systeme, Impulse, die von Deiner Familie, Freunden, der Gesellschaft auf Dich treffen.<\/p>\n\n\n\n<p class=\"has-text-align-center\">An dem Punkt, wo diese zwei Welten aufeinander treffen, passiert Embodiment.<\/p>\n\n\n\n<p class=\"has-text-align-center\">Die \u00e4u\u00dfere Welt ist teilweise sehr laut geworden, wodurch es schwer f\u00fcr uns geworden ist die innere Welt, unsere K\u00f6rpersprache wahrzunehmen.<br>Durch Embodiment lernen wir also unsere K\u00f6rpersprache wieder kennen und die innere Welt ein bisschen lauter zu drehen, sodass die beiden Welten wieder in Balance sein k\u00f6nnen.<\/p>\n\n\n\n<div style=\"height:49px\" aria-hidden=\"true\" class=\"wp-block-spacer\"><\/div>\n\n\n\n<h3 class=\"wp-block-heading alignfull has-text-align-center has-white-color has-text-color has-background has-link-color wp-elements-13545baf4e69672ea3a885cc9a61f6eb\" style=\"background-color:#1e1778\"><strong><em>Deine K\u00f6rpersprache lernen<\/em><\/strong><\/h3>\n\n\n\n<p class=\"has-text-align-center\">Der K\u00f6rper spricht \u00fcber subtile Zeichen mit uns \u2013 Gedanken, Gef\u00fchle, Emotionen, Empfindungen etc. Um diese zu verstehen, d\u00fcrfen wir erstmal wieder lernen sie zu lesen, sie \u00fcberhaupt wahrzunehmen.<\/p>\n\n\n\n<p class=\"has-text-align-center\">Das ist Embodiment.<\/p>\n\n\n\n<p class=\"has-text-align-center\">Das Ziel von Embodiment ist es dem eigenen K\u00f6rper wieder g\u00e4nzlich zu vertrauen und Dich wieder leicht und lebendig zu f\u00fchlen.<\/p>\n\n\n\n<div style=\"height:52px\" aria-hidden=\"true\" class=\"wp-block-spacer\"><\/div>\n\n\n\n<h3 class=\"wp-block-heading alignfull has-text-align-center has-white-color has-text-color has-background has-link-color wp-elements-4fb109c3f628fa44e52ae465b9bf1fb5\" style=\"background-color:#c5d9f1\"><strong><em>F\u00fcr den Alltag hei\u00dft das nun konkret:<\/em><\/strong><\/h3>\n\n\n\n<p><\/p>\n\n\n\n<ul class=\"wp-block-list\">\n<li>Umgang mit small-t-Traumas und Emotionen<\/li>\n\n\n\n<li>besser Entscheidungen treffen<\/li>\n\n\n\n<li>Bed\u00fcrfnisse zu erkennen<\/li>\n\n\n\n<li>mit Stress umzugehen lernen<\/li>\n\n\n\n<li>Grenzen zu setzen<\/li>\n\n\n\n<li>Erinnern und vertrauen der ureigene K\u00f6rpersignale, die unter erlernten Mustern feststecken&nbsp;<\/li>\n\n\n\n<li>k\u00f6rperliches und geistiges Wohlbefinden<\/li>\n\n\n\n<li>St\u00e4rkung von Gesundheit und Resilienz<\/li>\n<\/ul>\n\n\n\n<div style=\"height:58px\" aria-hidden=\"true\" class=\"wp-block-spacer\"><\/div>\n\n\n\n<h3 class=\"wp-block-heading has-text-align-center\"><strong><em>Du m\u00f6chtest die Sprache Deines K\u00f6rpers mithilfe von Embodiment wiederentdeckten?<\/em><\/strong><\/h3>\n\n\n\n<p class=\"has-text-align-center\"><br>Wenn Du in das Thema erstmal hinein schnuppern m\u00f6chtest, lade ich Dich von Herzen zu dieser <a href=\"https:\/\/docs.google.com\/forms\/d\/1Icc57A0uQnYdbl6q4OIJj3kjr4_gwfkbd5UCIL_giKw\/edit?usp=forms_home&amp;ths=true\">kostenfreien Aufzeichnung dieser online Embodiment Klasse<\/a> ein.<\/p>\n\n\n\n<p class=\"has-text-align-center\">Im Workshop VERK\u00d6RPERT STATT VERKOPFT bekommst Du einen ersten Eindruck von diesem Thema. In Mank findet der Workshop im April 2026 statt. Alle Infos findest Du <a href=\"https:\/\/marietherese-thier.com\/?page_id=1123\">hier<\/a>.<\/p>\n\n\n\n<div style=\"height:106px\" aria-hidden=\"true\" class=\"wp-block-spacer\"><\/div>\n\n\n\n<figure class=\"wp-block-gallery has-nested-images columns-2 is-cropped wp-block-gallery-1 is-layout-flex wp-block-gallery-is-layout-flex\"><\/figure>\n\n\n\n<div style=\"height:170px\" aria-hidden=\"true\" class=\"wp-block-spacer\"><\/div>\n\n\n\n<p><\/p>\n","protected":false},"excerpt":{"rendered":"<p>Embodiment ist ein Ber\u00fchrungspunkt. Da wo Deine innere Welt die \u00e4u\u00dfere Welt ber\u00fchrt, passiert Embodiment. Was das hei\u00dft? Deine innere Welt sind Deine ganz eigenen Eindr\u00fccke, Gef\u00fchle, Ideen, K\u00f6rperempfindungen und Gedanken.Die \u00e4u\u00dfere Welt sind Ideen, Systeme, Impulse, die von Deiner Familie, Freunden, der Gesellschaft auf Dich treffen. An dem Punkt, wo diese zwei Welten aufeinander &hellip; <\/p>\n<p class=\"link-more\"><a href=\"https:\/\/marietherese-thier.com\/?page_id=290\" class=\"more-link\">Mehr <span class=\"screen-reader-text\">\u00fcber &#8222;Embodiment&#8220; <\/span>Lesen<\/a><\/p>\n","protected":false},"author":1,"featured_media":701,"parent":0,"menu_order":0,"comment_status":"closed","ping_status":"closed","template":"","meta":{"inspiro_hide_title":false,"footnotes":""},"class_list":["post-290","page","type-page","status-publish","has-post-thumbnail","hentry"],"_links":{"self":[{"href":"https:\/\/marietherese-thier.com\/index.php?rest_route=\/wp\/v2\/pages\/290","targetHints":{"allow":["GET"]}}],"collection":[{"href":"https:\/\/marietherese-thier.com\/index.php?rest_route=\/wp\/v2\/pages"}],"about":[{"href":"https:\/\/marietherese-thier.com\/index.php?rest_route=\/wp\/v2\/types\/page"}],"author":[{"embeddable":true,"href":"https:\/\/marietherese-thier.com\/index.php?rest_route=\/wp\/v2\/users\/1"}],"replies":[{"embeddable":true,"href":"https:\/\/marietherese-thier.com\/index.php?rest_route=%2Fwp%2Fv2%2Fcomments&post=290"}],"version-history":[{"count":59,"href":"https:\/\/marietherese-thier.com\/index.php?rest_route=\/wp\/v2\/pages\/290\/revisions"}],"predecessor-version":[{"id":1690,"href":"https:\/\/marietherese-thier.com\/index.php?rest_route=\/wp\/v2\/pages\/290\/revisions\/1690"}],"wp:featuredmedia":[{"embeddable":true,"href":"https:\/\/marietherese-thier.com\/index.php?rest_route=\/wp\/v2\/media\/701"}],"wp:attachment":[{"href":"https:\/\/marietherese-thier.com\/index.php?rest_route=%2Fwp%2Fv2%2Fmedia&parent=290"}],"curies":[{"name":"wp","href":"https:\/\/api.w.org\/{rel}","templated":true}]}}