{"id":644,"date":"2024-01-09T13:38:49","date_gmt":"2024-01-09T13:38:49","guid":{"rendered":"https:\/\/marietheresesolea.com\/?page_id=644"},"modified":"2026-02-02T16:16:12","modified_gmt":"2026-02-02T16:16:12","slug":"embodied-yoga","status":"publish","type":"page","link":"https:\/\/marietherese-thier.com\/?page_id=644","title":{"rendered":"Yoga"},"content":{"rendered":"\n<p><\/p>\n\n\n\n<p class=\"has-text-align-center\">Meine Art des Yogas zeichnet sich durch einen Fokus auf das eigene K\u00f6rpergef\u00fchl aus, weshalb ich es als Embodied Yoga bezeichne. Jeder K\u00f6rper ist anders und braucht etwas anderes. Deshalb lade ich Dich ein, Dich nicht in die eine &#8222;perfekte&#8220; Position zu zw\u00e4ngen, sondern ganz achtsam mit Dir selbst umzugehen und zu schauen, wie Du die Position anpassen kannst, sodass sie Dir entspricht. Das hei\u00dft nicht, dass es nicht mehr anstrengend werden kann, sondern dass sich die innere Haltung zu Unangenehmen ver\u00e4ndert \ud83d\ude09<\/p>\n\n\n\n<div style=\"height:53px\" aria-hidden=\"true\" class=\"wp-block-spacer\"><\/div>\n\n\n\n<div class=\"wp-block-columns is-layout-flex wp-container-core-columns-is-layout-28f84493 wp-block-columns-is-layout-flex\">\n<div class=\"wp-block-column is-layout-flow wp-block-column-is-layout-flow\">\n<h2 class=\"wp-block-heading\">Melk<br><\/h2>\n\n\n\n<p><strong><em>Hatha Yoga<\/em><\/strong><\/p>\n\n\n\n<p><strong>M\u00e4rz \u2013 Juni 26<\/strong><br>Montags, 17:00-18:00h<\/p>\n\n\n\n<p>9. \/ 16. \/ 23. M\u00e4rz<br>13. \/ 20. \/ 27. April<br>4. \/ 11. \/ 18. Mai<br>15. \/ 22. Juni<\/p>\n\n\n\n<p>Rot-Kreuz-Saal<br>Spielbergerstr. 15, 3390 Melk<br>1. Obergeschoss<\/p>\n\n\n\n<p>11ER-BLOCK \/ 176\u20ac<br>9er-Block \/ 162\u20ac<br>Drop-in \/ 20\u20ac<br><br>Anmeldung:&nbsp;<a href=\"mailto:contact@marietherese-thier.com\">contact@marietherese-thier.com<\/a><br>Anmeldung bis 1 Woche vor dem jeweiligen Termin.<\/p>\n\n\n\n<p><br><strong><em>Entspannungs-Yoga<\/em><\/strong><br><br><strong>M\u00e4rz \u2013 Juni 26<\/strong><br>Montags, 19:00-20:00h<br><br>9. \/ 16. \/ 23. M\u00e4rz<br>13. \/ 20. \/ 27. April<br>4. \/ 11. \/ 18. Mai<br>15. \/ 22. Juni<\/p>\n\n\n\n<p>Rot-Kreuz-Saal<br>Spielbergerstr. 15, 3390 Melk<br>1. Obergeschoss<\/p>\n\n\n\n<p>11er-BLOCK \/ 176\u20ac<br>9er-Block \/ 162\u20ac<br>Drop-in \/ 20\u20ac<br><br>Anmeldung:&nbsp;<a href=\"mailto:contact@marietherese-thier.com\">contact@marietherese-thier.com<\/a><br>Anmeldung bis 1 Woche vor dem jeweiligen Termin.<br><\/p>\n<\/div>\n\n\n\n<div class=\"wp-block-column is-layout-flow wp-block-column-is-layout-flow\">\n<h2 class=\"wp-block-heading\">Mank<\/h2>\n\n\n\n<p><br><strong><em>Hatha Yoga<br><\/em><\/strong><br><strong>M\u00e4rz \u2013 Juni<\/strong>&nbsp;<strong>26<\/strong><br>Donnerstags, 18:30-19:30h<br><br>12. \/ 19. \/ 26. M\u00e4rz<br>9. \/ 16. \/ 23. \/ 30. April<br>7. \/ 21. \/ 28. Mai<br>11. \/ 18. \/ 25. Juni<\/p>\n\n\n\n<p>Kindergarten Mank<br><a href=\"https:\/\/mank.vhs-noe.at\/Kurse\/Details\/?course=197232&amp;back=%2Findex.php%3Fsubsection%3DVortragende%26amp%3Bnr%3D10415044%23course-197232\">Anmeldung<\/a><br><br><strong><em>Abend Yoga<br><\/em><\/strong><br><strong>M\u00e4rz \u2013 Juni<\/strong>&nbsp;<strong>26<\/strong><br>Donnerstags, 19:45-20:45h<\/p>\n\n\n\n<p>12. \/ 19. \/ 26. M\u00e4rz<br>9. \/ 16. \/ 23. \/ 30. April<br>7. \/ 21. \/ 28. Mai<br>11. \/ 18. \/ 25. Juni<\/p>\n\n\n\n<p>Kindergarten Mank<br><a href=\"https:\/\/mank.vhs-noe.at\/Kurse\/Details\/?course=197233&amp;back=%2Findex.php%3Fsubsection%3DVortragende%26amp%3Bnr%3D10415044%23course-197233\">Anmeldung<\/a><\/p>\n<\/div>\n\n\n\n<div class=\"wp-block-column is-layout-flow wp-block-column-is-layout-flow\">\n<h2 class=\"wp-block-heading\">1:1 &#8211; Individuell<\/h2>\n\n\n\n<p><br><strong><em>Yoga nach Deinen W\u00fcnschen<\/em><\/strong><\/p>\n\n\n\n<p>Egal, ob Du an Deiner inneren St\u00e4rke, einem K\u00f6rperteil, Deiner inneren Verbindung oder einfach an Deiner Flexibilit\u00e4t arbeiten m\u00f6chtest &#8211; diese Yoga-Einheit passe ich ganz nach Deinen W\u00fcnschen und Bed\u00fcrfnissen an.<\/p>\n\n\n\n<p>90\u20ac \/ 75 min<\/p>\n\n\n\n<p>Terminvereinbarung: <a href=\"mailto:contact@marietherese-thier.com\">contact@marietherese-thier.com<\/a><\/p>\n<\/div>\n<\/div>\n\n\n\n<p><\/p>\n\n\n\n<div style=\"height:100px\" aria-hidden=\"true\" class=\"wp-block-spacer\"><\/div>\n\n\n\n<p><\/p>\n","protected":false},"excerpt":{"rendered":"<p>Meine Art des Yogas zeichnet sich durch einen Fokus auf das eigene K\u00f6rpergef\u00fchl aus, weshalb ich es als Embodied Yoga bezeichne. Jeder K\u00f6rper ist anders und braucht etwas anderes. Deshalb lade ich Dich ein, Dich nicht in die eine &#8222;perfekte&#8220; Position zu zw\u00e4ngen, sondern ganz achtsam mit Dir selbst umzugehen und zu schauen, wie Du &hellip; <\/p>\n<p class=\"link-more\"><a href=\"https:\/\/marietherese-thier.com\/?page_id=644\" class=\"more-link\">Mehr <span class=\"screen-reader-text\">\u00fcber &#8222;Yoga&#8220; <\/span>Lesen<\/a><\/p>\n","protected":false},"author":1,"featured_media":780,"parent":0,"menu_order":0,"comment_status":"closed","ping_status":"closed","template":"","meta":{"inspiro_hide_title":false,"footnotes":""},"class_list":["post-644","page","type-page","status-publish","has-post-thumbnail","hentry"],"_links":{"self":[{"href":"https:\/\/marietherese-thier.com\/index.php?rest_route=\/wp\/v2\/pages\/644","targetHints":{"allow":["GET"]}}],"collection":[{"href":"https:\/\/marietherese-thier.com\/index.php?rest_route=\/wp\/v2\/pages"}],"about":[{"href":"https:\/\/marietherese-thier.com\/index.php?rest_route=\/wp\/v2\/types\/page"}],"author":[{"embeddable":true,"href":"https:\/\/marietherese-thier.com\/index.php?rest_route=\/wp\/v2\/users\/1"}],"replies":[{"embeddable":true,"href":"https:\/\/marietherese-thier.com\/index.php?rest_route=%2Fwp%2Fv2%2Fcomments&post=644"}],"version-history":[{"count":27,"href":"https:\/\/marietherese-thier.com\/index.php?rest_route=\/wp\/v2\/pages\/644\/revisions"}],"predecessor-version":[{"id":1658,"href":"https:\/\/marietherese-thier.com\/index.php?rest_route=\/wp\/v2\/pages\/644\/revisions\/1658"}],"wp:featuredmedia":[{"embeddable":true,"href":"https:\/\/marietherese-thier.com\/index.php?rest_route=\/wp\/v2\/media\/780"}],"wp:attachment":[{"href":"https:\/\/marietherese-thier.com\/index.php?rest_route=%2Fwp%2Fv2%2Fmedia&parent=644"}],"curies":[{"name":"wp","href":"https:\/\/api.w.org\/{rel}","templated":true}]}}