{"id":812,"date":"2024-01-23T19:01:08","date_gmt":"2024-01-23T19:01:08","guid":{"rendered":"https:\/\/marietheresesolea.com\/?page_id=812"},"modified":"2026-02-02T16:44:52","modified_gmt":"2026-02-02T16:44:52","slug":"gratis-embodiment-diy-klasse","status":"publish","type":"page","link":"https:\/\/marietherese-thier.com\/?page_id=812","title":{"rendered":"Kostenfreie Embodiment DIY-Klasse"},"content":{"rendered":"\n<p class=\"has-text-align-center\">Du f\u00fchlst Dich oft so, als ob alles zu viel werden w\u00fcrde?<br>Du springst nur so von einem To-Do zum n\u00e4chsten oder von einem Thema, das es aufzuarbeiten gilt zum n\u00e4chsten?<\/p>\n\n\n\n<p class=\"has-text-align-center\">Dann bist Du hier richtig!<\/p>\n\n\n\n<h4 class=\"wp-block-heading alignfull has-text-align-center has-text-color has-background has-link-color wp-elements-8a49be7c8363d3cf91e07a1421d81fec\" style=\"color:#fffafa;background:linear-gradient(135deg,rgb(5,87,135) 0%,rgb(131,192,188) 100%)\">Denn hier gehen wir den ersten Schritt hinaus aus diesem Hustle und der Getriebenheit, hinzu innerer Ruhe und Langsamkeit.<\/h4>\n\n\n\n<div style=\"height:23px\" aria-hidden=\"true\" class=\"wp-block-spacer\"><\/div>\n\n\n\n<p class=\"has-text-align-center\">In dieser DIY-Klasse will ich Dir einen \u00dcber- und Einblick ins Embodiment geben \u2013 praktisch versteht sich! Denn Embodiment darf ja VERK\u00d6RPERT werden. Anhand meiner eigenen Geschichte hin zu Embodiment will ich Dir erkl\u00e4ren, was Embodiment ist, was es alles umfasst und vor allem: was es bringt! Am Ende dieser Einheit hast Du also nicht nur eine erste Idee von Embodiment, sondern Tools an der Hand, um direkt vom gestressten Alltag in Deinen K\u00f6rper und so in Deine Mitte zu kommen.<\/p>\n\n\n\n<div style=\"height:24px\" aria-hidden=\"true\" class=\"wp-block-spacer\"><\/div>\n\n\n\n<h3 class=\"wp-block-heading has-text-align-center\"><strong><em>In dieser Klasse bekommst Du:<\/em><\/strong><\/h3>\n\n\n\n<p class=\"has-text-align-center\">> 2 praktische Embodiment-\u00dcbungen f\u00fcr Deinen Alltag<br>> Was ist Embodiment?<br>> Was kann es alles bewirken?<br>> Mein Weg zu und mit Embodiment<br>> Theorie zu Anspannungsmustern, 3-Gehirne, Trauma<\/p>\n\n\n\n<div style=\"height:38px\" aria-hidden=\"true\" class=\"wp-block-spacer\"><\/div>\n\n\n\n<div style=\"height:22px\" aria-hidden=\"true\" class=\"wp-block-spacer\"><\/div>\n\n\n\n<h3 class=\"wp-block-heading alignfull has-text-align-center has-text-color has-background has-link-color wp-elements-fede10159cbe891520da32b05b0396c4\" style=\"color:#fffefe;background:linear-gradient(135deg,rgb(83,185,158) 0%,rgb(1,47,148) 100%)\">Schau Dir den kostenlosen Replay vom Donnerstag, 11. April 2024<br>hier online via Zoom an:<br><br><a href=\"https:\/\/docs.google.com\/forms\/d\/e\/1FAIpQLScprEsGFzPybgR2_oyQ4VzcE5TiBjd9X8o957h5d-Clafwf7A\/viewform?usp=sf_link\">Zur Aufzeichnung<\/a><br><\/h3>\n\n\n\n<div style=\"height:59px\" aria-hidden=\"true\" class=\"wp-block-spacer\"><\/div>\n","protected":false},"excerpt":{"rendered":"<p>Du f\u00fchlst Dich oft so, als ob alles zu viel werden w\u00fcrde?Du springst nur so von einem To-Do zum n\u00e4chsten oder von einem Thema, das es aufzuarbeiten gilt zum n\u00e4chsten? Dann bist Du hier richtig! Denn hier gehen wir den ersten Schritt hinaus aus diesem Hustle und der Getriebenheit, hinzu innerer Ruhe und Langsamkeit. In &hellip; <\/p>\n<p class=\"link-more\"><a href=\"https:\/\/marietherese-thier.com\/?page_id=812\" class=\"more-link\">Mehr <span class=\"screen-reader-text\">\u00fcber &#8222;Kostenfreie Embodiment DIY-Klasse&#8220; <\/span>Lesen<\/a><\/p>\n","protected":false},"author":1,"featured_media":325,"parent":0,"menu_order":0,"comment_status":"closed","ping_status":"closed","template":"","meta":{"inspiro_hide_title":false,"footnotes":""},"class_list":["post-812","page","type-page","status-publish","has-post-thumbnail","hentry"],"_links":{"self":[{"href":"https:\/\/marietherese-thier.com\/index.php?rest_route=\/wp\/v2\/pages\/812","targetHints":{"allow":["GET"]}}],"collection":[{"href":"https:\/\/marietherese-thier.com\/index.php?rest_route=\/wp\/v2\/pages"}],"about":[{"href":"https:\/\/marietherese-thier.com\/index.php?rest_route=\/wp\/v2\/types\/page"}],"author":[{"embeddable":true,"href":"https:\/\/marietherese-thier.com\/index.php?rest_route=\/wp\/v2\/users\/1"}],"replies":[{"embeddable":true,"href":"https:\/\/marietherese-thier.com\/index.php?rest_route=%2Fwp%2Fv2%2Fcomments&post=812"}],"version-history":[{"count":16,"href":"https:\/\/marietherese-thier.com\/index.php?rest_route=\/wp\/v2\/pages\/812\/revisions"}],"predecessor-version":[{"id":1678,"href":"https:\/\/marietherese-thier.com\/index.php?rest_route=\/wp\/v2\/pages\/812\/revisions\/1678"}],"wp:featuredmedia":[{"embeddable":true,"href":"https:\/\/marietherese-thier.com\/index.php?rest_route=\/wp\/v2\/media\/325"}],"wp:attachment":[{"href":"https:\/\/marietherese-thier.com\/index.php?rest_route=%2Fwp%2Fv2%2Fmedia&parent=812"}],"curies":[{"name":"wp","href":"https:\/\/api.w.org\/{rel}","templated":true}]}}